{"id":1929,"date":"2024-12-10T14:19:57","date_gmt":"2024-12-10T14:19:57","guid":{"rendered":"https:\/\/arega.be\/plainte\/"},"modified":"2025-01-06T19:53:42","modified_gmt":"2025-01-06T19:53:42","slug":"plainte","status":"publish","type":"page","link":"https:\/\/arega.be\/fr\/contact\/plainte\/","title":{"rendered":"Plainte"},"content":{"rendered":"\t\t<div data-elementor-type=\"wp-page\" data-elementor-id=\"1929\" class=\"elementor elementor-1929 elementor-1174\" data-elementor-post-type=\"page\">\n\t\t\t\t<div class=\"elementor-element elementor-element-600e5b8 e-flex e-con-boxed e-con e-parent\" data-id=\"600e5b8\" data-element_type=\"container\" data-e-type=\"container\" data-settings=\"{&quot;background_background&quot;:&quot;classic&quot;}\">\n\t\t\t\t\t<div class=\"e-con-inner\">\n\t\t<div class=\"elementor-element elementor-element-f7836d2 e-flex e-con-boxed e-con e-child\" data-id=\"f7836d2\" data-element_type=\"container\" data-e-type=\"container\" data-settings=\"{&quot;background_background&quot;:&quot;classic&quot;}\">\n\t\t\t\t\t<div class=\"e-con-inner\">\n\t\t<div class=\"elementor-element elementor-element-0e52f35 e-con-full e-flex e-con e-child\" data-id=\"0e52f35\" data-element_type=\"container\" data-e-type=\"container\" data-settings=\"{&quot;background_background&quot;:&quot;classic&quot;}\">\n\t\t\t\t<div class=\"elementor-element elementor-element-7dc173d elementor-widget elementor-widget-heading\" data-id=\"7dc173d\" data-element_type=\"widget\" data-e-type=\"widget\" data-widget_type=\"heading.default\">\n\t\t\t\t<div class=\"elementor-widget-container\">\n\t\t\t\t\t<h2 class=\"elementor-heading-title elementor-size-default\">Vous aviez une plainte \u00e0 nous transmettre ?<\/h2>\t\t\t\t<\/div>\n\t\t\t\t<\/div>\n\t\t\t\t<div class=\"elementor-element elementor-element-00e306c elementor-widget elementor-widget-wpforms\" data-id=\"00e306c\" data-element_type=\"widget\" data-e-type=\"widget\" data-widget_type=\"wpforms.default\">\n\t\t\t\t<div class=\"elementor-widget-container\">\n\t\t\t\t\t<style id=\"wpforms-css-vars-elementor-widget-00e306c\">\n\t\t\t\t.elementor-widget-wpforms.elementor-element-00e306c {\n\t\t\t\t--wpforms-button-background-color: #FF8048;\n\t\t\t}\n\t\t\t<\/style><div class=\"wpforms-container wpforms-container-full wpforms-render-modern\" id=\"wpforms-822\"><form id=\"wpforms-form-822\" class=\"wpforms-validate wpforms-form wpforms-ajax-form\" data-formid=\"822\" method=\"post\" enctype=\"multipart\/form-data\" action=\"\/fr\/wp-json\/wp\/v2\/pages\/1929\" data-token=\"aaccb57907029d5705d4e420b9a34d57\" data-token-time=\"1775498024\"><noscript class=\"wpforms-error-noscript\">Veuillez activer JavaScript dans votre navigateur pour remplir ce formulaire.<\/noscript><div id=\"wpforms-error-noscript\" style=\"display: none;\">Veuillez activer JavaScript dans votre navigateur pour remplir ce formulaire.<\/div><div class=\"wpforms-page-indicator progress\" data-indicator=\"progress\" data-indicator-color=\"#066aab\" data-scroll=\"1\" role=\"progressbar\" aria-valuenow=\"1\" aria-valuemin=\"1\" aria-valuemax=\"2\" tabindex=\"-1\"><span class=\"wpforms-page-indicator-page-title\" ><\/span><span class=\"wpforms-page-indicator-page-title-sep\" style=\"display:none;\"> - <\/span><span class=\"wpforms-page-indicator-steps\">\u00c9tape <span class=\"wpforms-page-indicator-steps-current\">1<\/span> sur 2<\/span><div class=\"wpforms-page-indicator-page-progress-wrap\"><div class=\"wpforms-page-indicator-page-progress\" style=\"width:50%;background-color:#066aab\"><\/div><\/div><\/div><div class=\"wpforms-field-container\"><div class=\"wpforms-page wpforms-page-1 \" data-page=\"1\"><div id=\"wpforms-822-field_5-container\" class=\"wpforms-field wpforms-field-pagebreak\" data-field-id=\"5\"><\/div><div id=\"wpforms-822-field_1-container\" class=\"wpforms-field wpforms-field-name\" data-field-id=\"1\"><fieldset><legend class=\"wpforms-field-label\">Nom <span class=\"wpforms-required-label\" aria-hidden=\"true\">*<\/span><\/legend><div class=\"wpforms-field-row wpforms-field-large\"><div class=\"wpforms-field-row-block wpforms-first wpforms-one-half\"><input type=\"text\" id=\"wpforms-822-field_1\" class=\"wpforms-field-name-first wpforms-field-required\" name=\"wpforms[fields][1][first]\" aria-errormessage=\"wpforms-822-field_1-error\" required><label for=\"wpforms-822-field_1\" class=\"wpforms-field-sublabel after\">Pr\u00e9nom<\/label><\/div><div class=\"wpforms-field-row-block wpforms-one-half\"><input type=\"text\" id=\"wpforms-822-field_1-last\" class=\"wpforms-field-name-last wpforms-field-required\" name=\"wpforms[fields][1][last]\" aria-errormessage=\"wpforms-822-field_1-last-error\" required><label for=\"wpforms-822-field_1-last\" class=\"wpforms-field-sublabel after\">Nom<\/label><\/div><\/div><\/fieldset><\/div><div id=\"wpforms-822-field_15-container\" class=\"wpforms-field wpforms-field-phone\" data-field-id=\"15\"><label class=\"wpforms-field-label\" for=\"wpforms-822-field_15\">Num\u00e9ro de t\u00e9l\u00e9phone <span class=\"wpforms-required-label\" aria-hidden=\"true\">*<\/span><\/label><input type=\"tel\" id=\"wpforms-822-field_15\" class=\"wpforms-field-large wpforms-field-required wpforms-smart-phone-field\" data-rule-smart-phone-field=\"true\" name=\"wpforms[fields][15]\" aria-label=\"Num\u00e9ro de t\u00e9l\u00e9phone\" aria-errormessage=\"wpforms-822-field_15-error\" required><\/div><div id=\"wpforms-822-field_2-container\" class=\"wpforms-field wpforms-field-email\" data-field-id=\"2\"><label class=\"wpforms-field-label\" for=\"wpforms-822-field_2\">E-mail <span class=\"wpforms-required-label\" aria-hidden=\"true\">*<\/span><\/label><input type=\"email\" id=\"wpforms-822-field_2\" class=\"wpforms-field-large wpforms-field-required\" name=\"wpforms[fields][2]\" spellcheck=\"false\" aria-errormessage=\"wpforms-822-field_2-error\" required><\/div>\t\t<div id=\"wpforms-822-field_7-container\"\n\t\t\tclass=\"wpforms-field wpforms-field-text\"\n\t\t\tdata-field-type=\"text\"\n\t\t\tdata-field-id=\"7\"\n\t\t\t>\n\t\t\t<label class=\"wpforms-field-label\" for=\"wpforms-822-field_7\" >lot Num\u00e9ro p\u00e9remption<\/label>\n\t\t\t<input type=\"text\" id=\"wpforms-822-field_7\" class=\"wpforms-field-medium\" name=\"wpforms[fields][7]\" >\n\t\t<\/div>\n\t\t<div id=\"wpforms-822-field_8-container\" class=\"wpforms-field wpforms-field-checkbox\" data-field-id=\"8\"><fieldset><legend class=\"wpforms-field-label wpforms-label-hide\" aria-hidden=\"false\">Privacy <span class=\"wpforms-required-label\" aria-hidden=\"true\">*<\/span><\/legend><ul id=\"wpforms-822-field_8\" class=\"wpforms-field-required\"><li class=\"choice-1 depth-1\"><input type=\"checkbox\" id=\"wpforms-822-field_8_1\" name=\"wpforms[fields][8][]\" value=\"J&#039;accepte &lt;a target=&quot;_blank&quot; href=&quot;https:\/\/arega.be\/fr\/privacy-policy\/&quot;&gt;la politique de confidentialit\u00e9.&lt;\/a&gt;\" aria-errormessage=\"wpforms-822-field_8_1-error\" required ><label class=\"wpforms-field-label-inline\" for=\"wpforms-822-field_8_1\">J'accepte <a target=\"_blank\" href=\"https:\/\/arega.be\/fr\/privacy-policy\/\">la politique de confidentialit\u00e9.<\/a><\/label><\/li><\/ul><\/fieldset><\/div><div id=\"wpforms-822-field_4-container\" class=\"wpforms-field wpforms-field-pagebreak\" data-field-id=\"4\"><div class=\"wpforms-clear wpforms-pagebreak-left\"><button class=\"wpforms-page-button wpforms-page-next wpforms-disabled\"\n\t\t\t\t\tdata-action=\"next\" data-page=\"1\" data-formid=\"822\" aria-disabled=\"true\" aria-describedby=\"wpforms-error-noscript\">Suivant<\/button><\/div><\/div><\/div><div class=\"wpforms-page wpforms-page-2 last \" data-page=\"2\" style=\"display:none;\"><div id=\"wpforms-822-field_13-container\" class=\"wpforms-field wpforms-field-content\" data-field-id=\"13\"><div id=\"wpforms-822-field_13\" class=\"wpforms-field-medium wpforms-field-row\" aria-errormessage=\"wpforms-822-field_13-error\"><h4>Description<\/h4>\n<div class=\"wpforms-field-content-display-frontend-clear\"><\/div><\/div><\/div><div id=\"wpforms-822-field_3-container\" class=\"wpforms-field wpforms-field-textarea\" data-field-id=\"3\"><label class=\"wpforms-field-label\" for=\"wpforms-822-field_3\">Description de la r\u00e9clamation<\/label><textarea id=\"wpforms-822-field_3\" class=\"wpforms-field-medium\" name=\"wpforms[fields][3]\" aria-errormessage=\"wpforms-822-field_3-error\" ><\/textarea><\/div><div id=\"wpforms-822-field_14-container\" class=\"wpforms-field wpforms-field-content\" data-field-id=\"14\"><div id=\"wpforms-822-field_14\" class=\"wpforms-field-medium wpforms-field-row\" aria-errormessage=\"wpforms-822-field_14-error\"><h4>Produit concern\u00e9<\/h4>\n<div class=\"wpforms-field-content-display-frontend-clear\"><\/div><\/div><\/div><div id=\"wpforms-822-field_9-container\" class=\"wpforms-field wpforms-field-text\" data-field-id=\"9\"><label class=\"wpforms-field-label\" for=\"wpforms-822-field_9\">Nom <span class=\"wpforms-required-label\" aria-hidden=\"true\">*<\/span><\/label><input type=\"text\" id=\"wpforms-822-field_9\" class=\"wpforms-field-large wpforms-field-required\" name=\"wpforms[fields][9]\" aria-errormessage=\"wpforms-822-field_9-error\" required><\/div><div id=\"wpforms-822-field_10-container\" class=\"wpforms-field wpforms-field-text\" data-field-id=\"10\"><label class=\"wpforms-field-label\" for=\"wpforms-822-field_10\">Num\u00e9ro de lot <span class=\"wpforms-required-label\" aria-hidden=\"true\">*<\/span><\/label><input type=\"text\" id=\"wpforms-822-field_10\" class=\"wpforms-field-large wpforms-field-required\" name=\"wpforms[fields][10]\" aria-errormessage=\"wpforms-822-field_10-error\" required><\/div><div id=\"wpforms-822-field_12-container\" class=\"wpforms-field wpforms-field-date-time\" data-field-id=\"12\"><label class=\"wpforms-field-label\" for=\"wpforms-822-field_12\">Date de p\u00e9remption <span class=\"wpforms-required-label\" aria-hidden=\"true\">*<\/span><\/label><div class=\"wpforms-datepicker-wrap\"><input type=\"text\" id=\"wpforms-822-field_12\" class=\"wpforms-field-date-time-date wpforms-datepicker wpforms-field-required wpforms-field-large\" data-date-format=\"d\/m\/Y\" data-disable-past-dates=\"0\" data-input=\"true\" name=\"wpforms[fields][12][date]\" aria-errormessage=\"wpforms-822-field_12-error\" required><a title=\"Effacer la date\" data-clear role=\"button\" tabindex=\"0\" class=\"wpforms-datepicker-clear\" aria-label=\"Effacer la date\" style=\"display:none;\"><\/a><\/div><\/div><div id=\"wpforms-822-field_6-container\" class=\"wpforms-field wpforms-field-pagebreak\" data-field-id=\"6\"><\/div><\/div><script>\n\t\t\t\t( function() {\n\t\t\t\t\tconst style = document.createElement( 'style' );\n\t\t\t\t\tstyle.appendChild( document.createTextNode( '#wpforms-822-field_7-container { position: absolute !important; overflow: hidden !important; display: inline !important; height: 1px !important; width: 1px !important; z-index: -1000 !important; padding: 0 !important; } #wpforms-822-field_7-container input { visibility: hidden; } #wpforms-conversational-form-page #wpforms-822-field_7-container label { counter-increment: none; }' ) );\n\t\t\t\t\tdocument.head.appendChild( style );\n\t\t\t\t\tdocument.currentScript?.remove();\n\t\t\t\t} )();\n\t\t\t<\/script><\/div><!-- .wpforms-field-container --><div class=\"wpforms-submit-container\" style=\"display:none;\"><input type=\"hidden\" name=\"wpforms[id]\" value=\"822\"><input type=\"hidden\" name=\"page_title\" value=\"\"><input type=\"hidden\" name=\"page_url\" value=\"https:\/\/arega.be\/fr\/wp-json\/wp\/v2\/pages\/1929\"><input type=\"hidden\" name=\"url_referer\" value=\"\"><button type=\"submit\" name=\"wpforms[submit]\" id=\"wpforms-submit-822\" class=\"wpforms-submit\" data-alt-text=\"Envoi en cours...\" data-submit-text=\"Envoyer\" aria-live=\"assertive\" value=\"wpforms-submit\">Envoyer<\/button><img decoding=\"async\" src=\"https:\/\/arega.be\/wp-content\/plugins\/wpforms\/assets\/images\/submit-spin.svg\" class=\"wpforms-submit-spinner\" style=\"display: none;\" width=\"26\" height=\"26\" alt=\"Chargement en cours\"><\/div><\/form><\/div>  <!-- .wpforms-container -->\t\t\t\t<\/div>\n\t\t\t\t<\/div>\n\t\t\t\t<\/div>\n\t\t\t\t\t<\/div>\n\t\t\t\t<\/div>\n\t\t\t\t\t<\/div>\n\t\t\t\t<\/div>\n\t\t\t\t<\/div>\n\t\t","protected":false},"excerpt":{"rendered":"<p>Vous aviez une plainte \u00e0 nous transmettre ? Please enable JavaScript in your browser to complete this form.Please enable JavaScript in your browser to complete this form. &#8211; Step 1 of 2 Naam * FirstLast Telefoonnummer *E-mail * Privacy * Ik ga akkoord met het privacybeleid. Volgende Omschrijving Omschrijving van de klacht Betrokken product Naam [&hellip;]<\/p>\n","protected":false},"author":7,"featured_media":0,"parent":1976,"menu_order":10,"comment_status":"closed","ping_status":"closed","template":"","meta":{"_acf_changed":false,"footnotes":""},"class_list":["post-1929","page","type-page","status-publish","hentry"],"acf":[],"yoast_head":"<!-- This site is optimized with the Yoast SEO plugin v27.3 - https:\/\/yoast.com\/product\/yoast-seo-wordpress\/ -->\n<title>Plainte \u2022 Contact \u2022 Arega Belgi\u00eb<\/title>\n<meta name=\"robots\" content=\"index, follow, max-snippet:-1, max-image-preview:large, max-video-preview:-1\" \/>\n<link rel=\"canonical\" href=\"https:\/\/arega.be\/fr\/contact\/plainte\/\" \/>\n<meta property=\"og:locale\" content=\"fr_FR\" \/>\n<meta property=\"og:type\" content=\"article\" \/>\n<meta property=\"og:title\" content=\"Plainte \u2022 Contact \u2022 Arega Belgi\u00eb\" \/>\n<meta property=\"og:description\" content=\"Vous aviez une plainte \u00e0 nous transmettre ? Please enable JavaScript in your browser to complete this form.Please enable JavaScript in your browser to complete this form. &#8211; Step 1 of 2 Naam * FirstLast Telefoonnummer *E-mail * Privacy * Ik ga akkoord met het privacybeleid. Volgende Omschrijving Omschrijving van de klacht Betrokken product Naam [&hellip;]\" \/>\n<meta property=\"og:url\" content=\"https:\/\/arega.be\/fr\/contact\/plainte\/\" \/>\n<meta property=\"og:site_name\" content=\"Arega\" \/>\n<meta property=\"article:modified_time\" content=\"2025-01-06T19:53:42+00:00\" \/>\n<meta property=\"og:image\" content=\"https:\/\/arega.be\/wp-content\/uploads\/2024\/12\/arega-meta-1024x538.jpg\" \/>\n<meta name=\"twitter:card\" content=\"summary_large_image\" \/>\n<script type=\"application\/ld+json\" class=\"yoast-schema-graph\">{\"@context\":\"https:\\\/\\\/schema.org\",\"@graph\":[{\"@type\":\"WebPage\",\"@id\":\"https:\\\/\\\/arega.be\\\/fr\\\/contact\\\/plainte\\\/\",\"url\":\"https:\\\/\\\/arega.be\\\/fr\\\/contact\\\/plainte\\\/\",\"name\":\"Plainte \u2022 Contact \u2022 Arega Belgi\u00eb\",\"isPartOf\":{\"@id\":\"https:\\\/\\\/arega.be\\\/fr\\\/#website\"},\"primaryImageOfPage\":{\"@id\":\"https:\\\/\\\/arega.be\\\/fr\\\/contact\\\/plainte\\\/#primaryimage\"},\"image\":{\"@id\":\"https:\\\/\\\/arega.be\\\/fr\\\/contact\\\/plainte\\\/#primaryimage\"},\"thumbnailUrl\":\"https:\\\/\\\/arega.be\\\/wp-content\\\/plugins\\\/wpforms\\\/assets\\\/images\\\/submit-spin.svg\",\"datePublished\":\"2024-12-10T14:19:57+00:00\",\"dateModified\":\"2025-01-06T19:53:42+00:00\",\"breadcrumb\":{\"@id\":\"https:\\\/\\\/arega.be\\\/fr\\\/contact\\\/plainte\\\/#breadcrumb\"},\"inLanguage\":\"fr-FR\",\"potentialAction\":[{\"@type\":\"ReadAction\",\"target\":[\"https:\\\/\\\/arega.be\\\/fr\\\/contact\\\/plainte\\\/\"]}]},{\"@type\":\"ImageObject\",\"inLanguage\":\"fr-FR\",\"@id\":\"https:\\\/\\\/arega.be\\\/fr\\\/contact\\\/plainte\\\/#primaryimage\",\"url\":\"https:\\\/\\\/arega.be\\\/wp-content\\\/plugins\\\/wpforms\\\/assets\\\/images\\\/submit-spin.svg\",\"contentUrl\":\"https:\\\/\\\/arega.be\\\/wp-content\\\/plugins\\\/wpforms\\\/assets\\\/images\\\/submit-spin.svg\"},{\"@type\":\"BreadcrumbList\",\"@id\":\"https:\\\/\\\/arega.be\\\/fr\\\/contact\\\/plainte\\\/#breadcrumb\",\"itemListElement\":[{\"@type\":\"ListItem\",\"position\":1,\"name\":\"Home\",\"item\":\"https:\\\/\\\/arega.be\\\/fr\\\/\"},{\"@type\":\"ListItem\",\"position\":2,\"name\":\"Contact\",\"item\":\"https:\\\/\\\/arega.be\\\/fr\\\/contact\\\/\"},{\"@type\":\"ListItem\",\"position\":3,\"name\":\"Plainte\"}]},{\"@type\":\"WebSite\",\"@id\":\"https:\\\/\\\/arega.be\\\/fr\\\/#website\",\"url\":\"https:\\\/\\\/arega.be\\\/fr\\\/\",\"name\":\"Arega\",\"description\":\"Iedereen telt\",\"publisher\":{\"@id\":\"https:\\\/\\\/arega.be\\\/fr\\\/#organization\"},\"inLanguage\":\"fr-FR\"},{\"@type\":\"Organization\",\"@id\":\"https:\\\/\\\/arega.be\\\/fr\\\/#organization\",\"name\":\"Arega\",\"url\":\"https:\\\/\\\/arega.be\\\/fr\\\/\",\"logo\":{\"@type\":\"ImageObject\",\"inLanguage\":\"fr-FR\",\"@id\":\"https:\\\/\\\/arega.be\\\/fr\\\/#\\\/schema\\\/logo\\\/image\\\/\",\"url\":\"https:\\\/\\\/arega.be\\\/wp-content\\\/uploads\\\/2024\\\/12\\\/cropped-logo-arega.png\",\"contentUrl\":\"https:\\\/\\\/arega.be\\\/wp-content\\\/uploads\\\/2024\\\/12\\\/cropped-logo-arega.png\",\"width\":462,\"height\":154,\"caption\":\"Arega\"},\"image\":{\"@id\":\"https:\\\/\\\/arega.be\\\/fr\\\/#\\\/schema\\\/logo\\\/image\\\/\"},\"sameAs\":[\"https:\\\/\\\/www.linkedin.com\\\/company\\\/arega-pharma\\\/\"]}]}<\/script>\n<!-- \/ Yoast SEO plugin. -->","yoast_head_json":{"title":"Plainte \u2022 Contact \u2022 Arega Belgi\u00eb","robots":{"index":"index","follow":"follow","max-snippet":"max-snippet:-1","max-image-preview":"max-image-preview:large","max-video-preview":"max-video-preview:-1"},"canonical":"https:\/\/arega.be\/fr\/contact\/plainte\/","og_locale":"fr_FR","og_type":"article","og_title":"Plainte \u2022 Contact \u2022 Arega Belgi\u00eb","og_description":"Vous aviez une plainte \u00e0 nous transmettre ? Please enable JavaScript in your browser to complete this form.Please enable JavaScript in your browser to complete this form. &#8211; Step 1 of 2 Naam * FirstLast Telefoonnummer *E-mail * Privacy * Ik ga akkoord met het privacybeleid. Volgende Omschrijving Omschrijving van de klacht Betrokken product Naam [&hellip;]","og_url":"https:\/\/arega.be\/fr\/contact\/plainte\/","og_site_name":"Arega","article_modified_time":"2025-01-06T19:53:42+00:00","og_image":[{"url":"https:\/\/arega.be\/wp-content\/uploads\/2024\/12\/arega-meta-1024x538.jpg","type":"","width":"","height":""}],"twitter_card":"summary_large_image","schema":{"@context":"https:\/\/schema.org","@graph":[{"@type":"WebPage","@id":"https:\/\/arega.be\/fr\/contact\/plainte\/","url":"https:\/\/arega.be\/fr\/contact\/plainte\/","name":"Plainte \u2022 Contact \u2022 Arega Belgi\u00eb","isPartOf":{"@id":"https:\/\/arega.be\/fr\/#website"},"primaryImageOfPage":{"@id":"https:\/\/arega.be\/fr\/contact\/plainte\/#primaryimage"},"image":{"@id":"https:\/\/arega.be\/fr\/contact\/plainte\/#primaryimage"},"thumbnailUrl":"https:\/\/arega.be\/wp-content\/plugins\/wpforms\/assets\/images\/submit-spin.svg","datePublished":"2024-12-10T14:19:57+00:00","dateModified":"2025-01-06T19:53:42+00:00","breadcrumb":{"@id":"https:\/\/arega.be\/fr\/contact\/plainte\/#breadcrumb"},"inLanguage":"fr-FR","potentialAction":[{"@type":"ReadAction","target":["https:\/\/arega.be\/fr\/contact\/plainte\/"]}]},{"@type":"ImageObject","inLanguage":"fr-FR","@id":"https:\/\/arega.be\/fr\/contact\/plainte\/#primaryimage","url":"https:\/\/arega.be\/wp-content\/plugins\/wpforms\/assets\/images\/submit-spin.svg","contentUrl":"https:\/\/arega.be\/wp-content\/plugins\/wpforms\/assets\/images\/submit-spin.svg"},{"@type":"BreadcrumbList","@id":"https:\/\/arega.be\/fr\/contact\/plainte\/#breadcrumb","itemListElement":[{"@type":"ListItem","position":1,"name":"Home","item":"https:\/\/arega.be\/fr\/"},{"@type":"ListItem","position":2,"name":"Contact","item":"https:\/\/arega.be\/fr\/contact\/"},{"@type":"ListItem","position":3,"name":"Plainte"}]},{"@type":"WebSite","@id":"https:\/\/arega.be\/fr\/#website","url":"https:\/\/arega.be\/fr\/","name":"Arega","description":"Iedereen telt","publisher":{"@id":"https:\/\/arega.be\/fr\/#organization"},"inLanguage":"fr-FR"},{"@type":"Organization","@id":"https:\/\/arega.be\/fr\/#organization","name":"Arega","url":"https:\/\/arega.be\/fr\/","logo":{"@type":"ImageObject","inLanguage":"fr-FR","@id":"https:\/\/arega.be\/fr\/#\/schema\/logo\/image\/","url":"https:\/\/arega.be\/wp-content\/uploads\/2024\/12\/cropped-logo-arega.png","contentUrl":"https:\/\/arega.be\/wp-content\/uploads\/2024\/12\/cropped-logo-arega.png","width":462,"height":154,"caption":"Arega"},"image":{"@id":"https:\/\/arega.be\/fr\/#\/schema\/logo\/image\/"},"sameAs":["https:\/\/www.linkedin.com\/company\/arega-pharma\/"]}]}},"_links":{"self":[{"href":"https:\/\/arega.be\/fr\/wp-json\/wp\/v2\/pages\/1929","targetHints":{"allow":["GET"]}}],"collection":[{"href":"https:\/\/arega.be\/fr\/wp-json\/wp\/v2\/pages"}],"about":[{"href":"https:\/\/arega.be\/fr\/wp-json\/wp\/v2\/types\/page"}],"author":[{"embeddable":true,"href":"https:\/\/arega.be\/fr\/wp-json\/wp\/v2\/users\/7"}],"replies":[{"embeddable":true,"href":"https:\/\/arega.be\/fr\/wp-json\/wp\/v2\/comments?post=1929"}],"version-history":[{"count":2,"href":"https:\/\/arega.be\/fr\/wp-json\/wp\/v2\/pages\/1929\/revisions"}],"predecessor-version":[{"id":1931,"href":"https:\/\/arega.be\/fr\/wp-json\/wp\/v2\/pages\/1929\/revisions\/1931"}],"up":[{"embeddable":true,"href":"https:\/\/arega.be\/fr\/wp-json\/wp\/v2\/pages\/1976"}],"wp:attachment":[{"href":"https:\/\/arega.be\/fr\/wp-json\/wp\/v2\/media?parent=1929"}],"curies":[{"name":"wp","href":"https:\/\/api.w.org\/{rel}","templated":true}]}}